{"id":142,"date":"2015-10-09T17:28:04","date_gmt":"2015-10-09T15:28:04","guid":{"rendered":"http:\/\/www.dormayer.at\/fleischermeister\/?page_id=142"},"modified":"2023-08-30T09:36:19","modified_gmt":"2023-08-30T07:36:19","slug":"fleischerei-dormayer-in-wien","status":"publish","type":"page","link":"http:\/\/www.dormayer.at\/fleischermeister\/fleischerei-dormayer-in-wien\/","title":{"rendered":"Fleischerei Dormayer in Wien und Umgebung"},"content":{"rendered":"<h1>Meat us at<\/h1>\n<p>Beziehen k\u00f6nnen Sie unsere Fleisch und Wurstwaren nun auch in Wien<\/p>\n<h2>Leithenbauer Delikatessen<\/h2>\n<p><a href=\"http:\/\/www.dormayer.at\/fleischermeister\/wp-content\/uploads\/2015\/10\/feinkost-das-gschaeft.jpg\"><img loading=\"lazy\" class=\"size-medium wp-image-143 alignleft\" src=\"http:\/\/www.dormayer.at\/fleischermeister\/wp-content\/uploads\/2015\/10\/feinkost-das-gschaeft-300x200.jpg\" alt=\"feinkost-das-gschaeft\" width=\"300\" height=\"200\" srcset=\"http:\/\/www.dormayer.at\/fleischermeister\/wp-content\/uploads\/2015\/10\/feinkost-das-gschaeft-300x200.jpg 300w, http:\/\/www.dormayer.at\/fleischermeister\/wp-content\/uploads\/2015\/10\/feinkost-das-gschaeft.jpg 960w\" sizes=\"(max-width: 300px) 100vw, 300px\" \/><\/a>\u00a0 Neubaugasse 71,\u00a01070 Wien.<\/p>\n<p>Gut sortierte Feinkost mit Nationalen und Internationalen Spezialit\u00e4ten<\/p>\n<p>Bezieht: Gebratenes, W\u00fcrste, Pasteten, Weltmeister Blunzen, Spezial Blutw\u00fcrst und auch andere Schmankerl bei uns. Helmut ber\u00e4t Sie gerne.<br \/>Homepage: <a href=\"https:\/\/leitenbauer.wien\/\">https:\/\/leitenbauer.wien\/<\/a><\/p>\n<h2>\u00a0<\/h2>\n<h1>Porta Dextra Haas&amp;Haas<\/h1>\n<p><a href=\"http:\/\/www.dormayer.at\/fleischermeister\/wp-content\/uploads\/2020\/12\/20170913_164405-2.jpg\"><img loading=\"lazy\" class=\"size-medium wp-image-758 alignleft\" src=\"http:\/\/www.dormayer.at\/fleischermeister\/wp-content\/uploads\/2020\/12\/20170913_164405-2-300x169.jpg\" alt=\"\" width=\"300\" height=\"169\" srcset=\"http:\/\/www.dormayer.at\/fleischermeister\/wp-content\/uploads\/2020\/12\/20170913_164405-2-300x169.jpg 300w, http:\/\/www.dormayer.at\/fleischermeister\/wp-content\/uploads\/2020\/12\/20170913_164405-2-1024x576.jpg 1024w, http:\/\/www.dormayer.at\/fleischermeister\/wp-content\/uploads\/2020\/12\/20170913_164405-2-768x432.jpg 768w, http:\/\/www.dormayer.at\/fleischermeister\/wp-content\/uploads\/2020\/12\/20170913_164405-2-1536x864.jpg 1536w, http:\/\/www.dormayer.at\/fleischermeister\/wp-content\/uploads\/2020\/12\/20170913_164405-2-2048x1152.jpg 2048w\" sizes=\"(max-width: 300px) 100vw, 300px\" \/><\/a>Ertlgasse 4, 1010 Wien<\/p>\n<p>Bezieht: eine feine Auswahl an Spezial Blutw\u00fcrsten, W\u00fcrsten und Teilweise Schinken<\/p>\n<p>Das neue Gesch\u00e4ft Porta Dextra bietet rein \u00f6sterreichische Spezialit\u00e4ten und K\u00f6stlichkeiten an.<\/p>\n<p>Hompage: <a href=\"http:\/\/www.haas-haas.at\">www.haas-haas.at<\/a><\/p>\n<h1>Billa PLUS Br\u00fcnner Stra\u00dfe<\/h1>\n<p>\u00a0Br\u00fcnner Str 300, 1210, Wien<\/p>\n<p>Hier gibt es im Regional Regal<\/p>\n<p>Bezieht: Weltmeister Blutwurst, Blutwurst mit Chili, Blutwurst mit Preiselbeer und Spezial Bratw\u00fcrste<\/p>\n<p>\u00a0<\/p>\n<h1>Billa Pflanzilla<\/h1>\n<p>Mariahilfer Str. 38-48, 1070 Wien<\/p>\n<p>Bezieht: unsere vegane Linie<\/p>\n\n","protected":false},"excerpt":{"rendered":"<p>Meat us at Beziehen k\u00f6nnen Sie unsere Fleisch und Wurstwaren nun auch in Wien Leithenbauer Delikatessen \u00a0 Neubaugasse 71,\u00a01070 Wien. Gut sortierte Feinkost mit Nationalen und Internationalen Spezialit\u00e4ten Bezieht: Gebratenes, W\u00fcrste, Pasteten, Weltmeister Blunzen, Spezial Blutw\u00fcrst und auch andere Schmankerl bei uns. Helmut ber\u00e4t Sie gerne.Homepage: https:\/\/leitenbauer.wien\/ \u00a0 Porta Dextra Haas&amp;Haas Ertlgasse 4, 1010 Wien [&hellip;]<\/p>\n","protected":false},"author":1,"featured_media":0,"parent":0,"menu_order":0,"comment_status":"closed","ping_status":"closed","template":"","meta":{"spay_email":""},"_links":{"self":[{"href":"http:\/\/www.dormayer.at\/fleischermeister\/wp-json\/wp\/v2\/pages\/142"}],"collection":[{"href":"http:\/\/www.dormayer.at\/fleischermeister\/wp-json\/wp\/v2\/pages"}],"about":[{"href":"http:\/\/www.dormayer.at\/fleischermeister\/wp-json\/wp\/v2\/types\/page"}],"author":[{"embeddable":true,"href":"http:\/\/www.dormayer.at\/fleischermeister\/wp-json\/wp\/v2\/users\/1"}],"replies":[{"embeddable":true,"href":"http:\/\/www.dormayer.at\/fleischermeister\/wp-json\/wp\/v2\/comments?post=142"}],"version-history":[{"count":15,"href":"http:\/\/www.dormayer.at\/fleischermeister\/wp-json\/wp\/v2\/pages\/142\/revisions"}],"predecessor-version":[{"id":890,"href":"http:\/\/www.dormayer.at\/fleischermeister\/wp-json\/wp\/v2\/pages\/142\/revisions\/890"}],"wp:attachment":[{"href":"http:\/\/www.dormayer.at\/fleischermeister\/wp-json\/wp\/v2\/media?parent=142"}],"curies":[{"name":"wp","href":"https:\/\/api.w.org\/{rel}","templated":true}]}}